{"id":29351,"date":"2025-09-21T19:42:42","date_gmt":"2025-09-21T17:42:42","guid":{"rendered":"https:\/\/eucmos2025.uwr.edu.pl\/?page_id=29351"},"modified":"2025-09-21T19:42:49","modified_gmt":"2025-09-21T17:42:49","slug":"eucmos-2025-prize-winners","status":"publish","type":"page","link":"https:\/\/eucmos2025.uwr.edu.pl\/en\/eucmos-2025-prize-winners\/","title":{"rendered":"EUCMOS 2025 Prize Winners"},"content":{"rendered":"\n<div class=\"wp-block-stackable-columns stk-block-columns stk-block stk-1a99ccd\" data-block-id=\"1a99ccd\"><div class=\"stk-row stk-inner-blocks stk-block-content stk-content-align stk-1a99ccd-column\">\n<div class=\"wp-block-stackable-column stk-block-column stk-column stk-block stk-95e18c3\" data-v=\"4\" data-block-id=\"95e18c3\"><style>@media screen and (min-width: 768px){.stk-95e18c3 {flex:var(--stk-flex-grow, 1) 1 calc(10% - var(--stk-column-gap, 0px) * 2 \/ 3 ) !important;}}<\/style><div class=\"stk-column-wrapper stk-block-column__content stk-container stk-95e18c3-container stk--no-background stk--no-padding\"><div class=\"stk-block-content stk-inner-blocks stk-95e18c3-inner-blocks\"><\/div><\/div><\/div>\n\n\n\n<div class=\"wp-block-stackable-column stk-block-column stk-column stk-block stk-d2aa2cd\" data-v=\"4\" data-block-id=\"d2aa2cd\"><style>@media screen and (min-width: 768px){.stk-d2aa2cd {flex:var(--stk-flex-grow, 1) 1 calc(80% - var(--stk-column-gap, 0px) * 2 \/ 3 ) !important;}}<\/style><div class=\"stk-column-wrapper stk-block-column__content stk-container stk-d2aa2cd-container stk--no-background stk--no-padding\"><div class=\"stk-block-content stk-inner-blocks stk-d2aa2cd-inner-blocks\">\n<h1 class=\"wp-block-heading\">EUCMOS 2025 Prize Winners<\/h1>\n\n\n\n<p>We are pleased to announce the winners of the EUCMOS 2025 prizes:<\/p>\n\n\n\n<h4 class=\"wp-block-heading\"><strong>Best Poster Prize<\/strong> <strong>Awarded by Austin J. Barnes<\/strong><\/h4>\n\n\n\n<p><strong>Winner:<\/strong> MSc Roel van de Ven (Radboud University Nijmegen, Netherlands)<br><strong>Poster Title:<\/strong> <em>Finding a Needle in a Needle Stack: Leveraging Vibrational Spectra and Machine Learning to Guide Conformational Search<\/em><br><\/p>\n\n\n\n<h4 class=\"wp-block-heading\"><strong>Henry H. Mantsch Spectroscopy Prize for Young Researchers<\/strong><\/h4>\n\n\n\n<p><strong>Winner:<\/strong> Dr. Anna Pieczara (Jagiellonian University, Poland)<\/p>\n\n\n\n<h4 class=\"wp-block-heading\"><strong>Bruker Poster Award<\/strong><\/h4>\n\n\n\n<p><strong>Winner:<\/strong> MSc Barbara Keresztes (E\u00f6tv\u00f6s Lor\u00e1nd University, Hungary)<br><strong>Poster Title:<\/strong> <em>Cosmic-Ray-Driven Chemistry <em>in the CH<sub>3<\/sub>CH<sub>2<\/sub>OH, NH<sub>3<\/sub>, and CH<sub>3<\/sub>CH<sub>2<\/sub>OH : NH<sub>3<\/sub> Interstellar Ice Analogs<\/em><\/em><\/p>\n\n\n\n<h4 class=\"wp-block-heading\"><strong>Bruker Customer Excellence Award<\/strong><\/h4>\n\n\n\n<p><strong>Winner:<\/strong> Dr. Alicja D\u0105browska (Technische Universit\u00e4t Wien, Austria)<br><strong>Oral Presentation Title:<\/strong> <em>Towards On-Chip Mach-Zehnder Interferometer for Complex Refractive Index Sensing of Liquids in the Mid-Infrared<\/em><\/p>\n\n\n\n<p>Congratulations to all the winners for their outstanding contributions!<\/p>\n<\/div><\/div><\/div>\n\n\n\n<div class=\"wp-block-stackable-column stk-block-column stk-column stk-block stk-b69ffc5\" data-v=\"4\" data-block-id=\"b69ffc5\"><style>@media screen and (min-width: 768px){.stk-b69ffc5 {flex:var(--stk-flex-grow, 1) 1 calc(10% - var(--stk-column-gap, 0px) * 2 \/ 3 ) !important;}}<\/style><div class=\"stk-column-wrapper stk-block-column__content stk-container stk-b69ffc5-container stk--no-background stk--no-padding\"><div class=\"stk-block-content stk-inner-blocks stk-b69ffc5-inner-blocks\"><\/div><\/div><\/div>\n<\/div><\/div>\n","protected":false},"excerpt":{"rendered":"<p>EUCMOS 2025 Prize Winners<\/p>\n","protected":false},"author":792,"featured_media":0,"parent":0,"menu_order":0,"comment_status":"closed","ping_status":"closed","template":"","meta":{"_acf_changed":false,"inline_featured_image":false,"site-sidebar-layout":"default","site-content-layout":"","ast-site-content-layout":"default","site-content-style":"default","site-sidebar-style":"default","ast-global-header-display":"","ast-banner-title-visibility":"","ast-main-header-display":"","ast-hfb-above-header-display":"","ast-hfb-below-header-display":"","ast-hfb-mobile-header-display":"","site-post-title":"","ast-breadcrumbs-content":"","ast-featured-img":"","footer-sml-layout":"","ast-disable-related-posts":"","theme-transparent-header-meta":"","adv-header-id-meta":"","stick-header-meta":"","header-above-stick-meta":"","header-main-stick-meta":"","header-below-stick-meta":"","astra-migrate-meta-layouts":"set","ast-page-background-enabled":"default","ast-page-background-meta":{"desktop":{"background-color":"","background-image":"","background-repeat":"repeat","background-position":"center center","background-size":"auto","background-attachment":"scroll","background-type":"","background-media":"","overlay-type":"","overlay-color":"","overlay-opacity":"","overlay-gradient":""},"tablet":{"background-color":"","background-image":"","background-repeat":"repeat","background-position":"center center","background-size":"auto","background-attachment":"scroll","background-type":"","background-media":"","overlay-type":"","overlay-color":"","overlay-opacity":"","overlay-gradient":""},"mobile":{"background-color":"","background-image":"","background-repeat":"repeat","background-position":"center center","background-size":"auto","background-attachment":"scroll","background-type":"","background-media":"","overlay-type":"","overlay-color":"","overlay-opacity":"","overlay-gradient":""}},"ast-content-background-meta":{"desktop":{"background-color":"var(--ast-global-color-5)","background-image":"","background-repeat":"repeat","background-position":"center center","background-size":"auto","background-attachment":"scroll","background-type":"","background-media":"","overlay-type":"","overlay-color":"","overlay-opacity":"","overlay-gradient":""},"tablet":{"background-color":"var(--ast-global-color-5)","background-image":"","background-repeat":"repeat","background-position":"center center","background-size":"auto","background-attachment":"scroll","background-type":"","background-media":"","overlay-type":"","overlay-color":"","overlay-opacity":"","overlay-gradient":""},"mobile":{"background-color":"var(--ast-global-color-5)","background-image":"","background-repeat":"repeat","background-position":"center center","background-size":"auto","background-attachment":"scroll","background-type":"","background-media":"","overlay-type":"","overlay-color":"","overlay-opacity":"","overlay-gradient":""}},"footnotes":""},"categories":[],"tags":[],"class_list":["post-29351","page","type-page","status-publish","hentry"],"featured_image_urls_v2":{"full":"","thumbnail":"","medium":"","medium_large":"","large":"","1536x1536":"","2048x2048":"","menu-24x24":"","menu-36x36":"","menu-48x48":""},"post_excerpt_stackable_v2":"<p>EUCMOS 2025 Prize Winners<\/p>\n","category_list_v2":"Uncategorized","author_info_v2":{"name":"Justyna Krupa","url":"https:\/\/eucmos2025.uwr.edu.pl\/en\/author\/justyna-krupauwr-edu-pl\/"},"comments_num_v2":"0 comments","acf":[],"yoast_head":"<!-- This site is optimized with the Yoast SEO plugin v27.1.1 - https:\/\/yoast.com\/product\/yoast-seo-wordpress\/ -->\n<title>EUCMOS 2025 Prize Winners - EUCMOS 2025 \/ EMPOC 2025<\/title>\n<meta name=\"robots\" content=\"index, follow, max-snippet:-1, max-image-preview:large, max-video-preview:-1\" \/>\n<link rel=\"canonical\" href=\"https:\/\/eucmos2025.uwr.edu.pl\/en\/eucmos-2025-prize-winners\/\" \/>\n<meta property=\"og:locale\" content=\"en_US\" \/>\n<meta property=\"og:type\" content=\"article\" \/>\n<meta property=\"og:title\" content=\"EUCMOS 2025 Prize Winners - EUCMOS 2025 \/ EMPOC 2025\" \/>\n<meta property=\"og:description\" content=\"EUCMOS 2025 Prize Winners\" \/>\n<meta property=\"og:url\" content=\"https:\/\/eucmos2025.uwr.edu.pl\/en\/eucmos-2025-prize-winners\/\" \/>\n<meta property=\"og:site_name\" content=\"EUCMOS 2025 \/ EMPOC 2025\" \/>\n<meta property=\"article:modified_time\" content=\"2025-09-21T17:42:49+00:00\" \/>\n<meta name=\"twitter:card\" content=\"summary_large_image\" \/>\n<meta name=\"twitter:label1\" content=\"Est. reading time\" \/>\n\t<meta name=\"twitter:data1\" content=\"2 minutes\" \/>\n<script type=\"application\/ld+json\" class=\"yoast-schema-graph\">{\"@context\":\"https:\/\/schema.org\",\"@graph\":[{\"@type\":\"WebPage\",\"@id\":\"https:\/\/eucmos2025.uwr.edu.pl\/en\/eucmos-2025-prize-winners\/\",\"url\":\"https:\/\/eucmos2025.uwr.edu.pl\/en\/eucmos-2025-prize-winners\/\",\"name\":\"EUCMOS 2025 Prize Winners - EUCMOS 2025 \/ EMPOC 2025\",\"isPartOf\":{\"@id\":\"https:\/\/eucmos2025.uwr.edu.pl\/#website\"},\"datePublished\":\"2025-09-21T17:42:42+00:00\",\"dateModified\":\"2025-09-21T17:42:49+00:00\",\"breadcrumb\":{\"@id\":\"https:\/\/eucmos2025.uwr.edu.pl\/en\/eucmos-2025-prize-winners\/#breadcrumb\"},\"inLanguage\":\"en-US\",\"potentialAction\":[{\"@type\":\"ReadAction\",\"target\":[\"https:\/\/eucmos2025.uwr.edu.pl\/en\/eucmos-2025-prize-winners\/\"]}]},{\"@type\":\"BreadcrumbList\",\"@id\":\"https:\/\/eucmos2025.uwr.edu.pl\/en\/eucmos-2025-prize-winners\/#breadcrumb\",\"itemListElement\":[{\"@type\":\"ListItem\",\"position\":1,\"name\":\"Strona g\u0142\u00f3wna\",\"item\":\"https:\/\/eucmos2025.uwr.edu.pl\/en\/\"},{\"@type\":\"ListItem\",\"position\":2,\"name\":\"EUCMOS 2025 Prize Winners\"}]},{\"@type\":\"WebSite\",\"@id\":\"https:\/\/eucmos2025.uwr.edu.pl\/#website\",\"url\":\"https:\/\/eucmos2025.uwr.edu.pl\/\",\"name\":\"XXXVI European Congress on Molecular Spectroscopy\",\"description\":\"EUCMOS 2025 \/ EMPOC 2025\",\"publisher\":{\"@id\":\"https:\/\/eucmos2025.uwr.edu.pl\/#organization\"},\"potentialAction\":[{\"@type\":\"SearchAction\",\"target\":{\"@type\":\"EntryPoint\",\"urlTemplate\":\"https:\/\/eucmos2025.uwr.edu.pl\/?s={search_term_string}\"},\"query-input\":{\"@type\":\"PropertyValueSpecification\",\"valueRequired\":true,\"valueName\":\"search_term_string\"}}],\"inLanguage\":\"en-US\"},{\"@type\":\"Organization\",\"@id\":\"https:\/\/eucmos2025.uwr.edu.pl\/#organization\",\"name\":\"XXXVI European Congress on Molecular Spectroscopy\",\"url\":\"https:\/\/eucmos2025.uwr.edu.pl\/\",\"logo\":{\"@type\":\"ImageObject\",\"inLanguage\":\"en-US\",\"@id\":\"https:\/\/eucmos2025.uwr.edu.pl\/#\/schema\/logo\/image\/\",\"url\":\"https:\/\/eucmos2025.uwr.edu.pl\/wp-content\/uploads\/sites\/450\/2025\/10\/UWr-logotyp-2025.png\",\"contentUrl\":\"https:\/\/eucmos2025.uwr.edu.pl\/wp-content\/uploads\/sites\/450\/2025\/10\/UWr-logotyp-2025.png\",\"width\":764,\"height\":269,\"caption\":\"XXXVI European Congress on Molecular Spectroscopy\"},\"image\":{\"@id\":\"https:\/\/eucmos2025.uwr.edu.pl\/#\/schema\/logo\/image\/\"}}]}<\/script>\n<!-- \/ Yoast SEO plugin. -->","yoast_head_json":{"title":"EUCMOS 2025 Prize Winners - EUCMOS 2025 \/ EMPOC 2025","robots":{"index":"index","follow":"follow","max-snippet":"max-snippet:-1","max-image-preview":"max-image-preview:large","max-video-preview":"max-video-preview:-1"},"canonical":"https:\/\/eucmos2025.uwr.edu.pl\/en\/eucmos-2025-prize-winners\/","og_locale":"en_US","og_type":"article","og_title":"EUCMOS 2025 Prize Winners - EUCMOS 2025 \/ EMPOC 2025","og_description":"EUCMOS 2025 Prize Winners","og_url":"https:\/\/eucmos2025.uwr.edu.pl\/en\/eucmos-2025-prize-winners\/","og_site_name":"EUCMOS 2025 \/ EMPOC 2025","article_modified_time":"2025-09-21T17:42:49+00:00","twitter_card":"summary_large_image","twitter_misc":{"Est. reading time":"2 minutes"},"schema":{"@context":"https:\/\/schema.org","@graph":[{"@type":"WebPage","@id":"https:\/\/eucmos2025.uwr.edu.pl\/en\/eucmos-2025-prize-winners\/","url":"https:\/\/eucmos2025.uwr.edu.pl\/en\/eucmos-2025-prize-winners\/","name":"EUCMOS 2025 Prize Winners - EUCMOS 2025 \/ EMPOC 2025","isPartOf":{"@id":"https:\/\/eucmos2025.uwr.edu.pl\/#website"},"datePublished":"2025-09-21T17:42:42+00:00","dateModified":"2025-09-21T17:42:49+00:00","breadcrumb":{"@id":"https:\/\/eucmos2025.uwr.edu.pl\/en\/eucmos-2025-prize-winners\/#breadcrumb"},"inLanguage":"en-US","potentialAction":[{"@type":"ReadAction","target":["https:\/\/eucmos2025.uwr.edu.pl\/en\/eucmos-2025-prize-winners\/"]}]},{"@type":"BreadcrumbList","@id":"https:\/\/eucmos2025.uwr.edu.pl\/en\/eucmos-2025-prize-winners\/#breadcrumb","itemListElement":[{"@type":"ListItem","position":1,"name":"Strona g\u0142\u00f3wna","item":"https:\/\/eucmos2025.uwr.edu.pl\/en\/"},{"@type":"ListItem","position":2,"name":"EUCMOS 2025 Prize Winners"}]},{"@type":"WebSite","@id":"https:\/\/eucmos2025.uwr.edu.pl\/#website","url":"https:\/\/eucmos2025.uwr.edu.pl\/","name":"XXXVI European Congress on Molecular Spectroscopy","description":"EUCMOS 2025 \/ EMPOC 2025","publisher":{"@id":"https:\/\/eucmos2025.uwr.edu.pl\/#organization"},"potentialAction":[{"@type":"SearchAction","target":{"@type":"EntryPoint","urlTemplate":"https:\/\/eucmos2025.uwr.edu.pl\/?s={search_term_string}"},"query-input":{"@type":"PropertyValueSpecification","valueRequired":true,"valueName":"search_term_string"}}],"inLanguage":"en-US"},{"@type":"Organization","@id":"https:\/\/eucmos2025.uwr.edu.pl\/#organization","name":"XXXVI European Congress on Molecular Spectroscopy","url":"https:\/\/eucmos2025.uwr.edu.pl\/","logo":{"@type":"ImageObject","inLanguage":"en-US","@id":"https:\/\/eucmos2025.uwr.edu.pl\/#\/schema\/logo\/image\/","url":"https:\/\/eucmos2025.uwr.edu.pl\/wp-content\/uploads\/sites\/450\/2025\/10\/UWr-logotyp-2025.png","contentUrl":"https:\/\/eucmos2025.uwr.edu.pl\/wp-content\/uploads\/sites\/450\/2025\/10\/UWr-logotyp-2025.png","width":764,"height":269,"caption":"XXXVI European Congress on Molecular Spectroscopy"},"image":{"@id":"https:\/\/eucmos2025.uwr.edu.pl\/#\/schema\/logo\/image\/"}}]}},"publishpress_future_action":{"enabled":false,"date":"2026-05-21 00:09:02","action":"change-status","newStatus":"draft","terms":[],"taxonomy":"category","extraData":[]},"publishpress_future_workflow_manual_trigger":{"enabledWorkflows":[]},"_links":{"self":[{"href":"https:\/\/eucmos2025.uwr.edu.pl\/en\/wp-json\/wp\/v2\/pages\/29351\/"}],"collection":[{"href":"https:\/\/eucmos2025.uwr.edu.pl\/en\/wp-json\/wp\/v2\/pages\/"}],"about":[{"href":"https:\/\/eucmos2025.uwr.edu.pl\/en\/wp-json\/wp\/v2\/types\/page\/"}],"author":[{"embeddable":true,"href":"https:\/\/eucmos2025.uwr.edu.pl\/en\/wp-json\/wp\/v2\/users\/792\/"}],"replies":[{"embeddable":true,"href":"https:\/\/eucmos2025.uwr.edu.pl\/en\/wp-json\/wp\/v2\/comments\/?post=29351"}],"version-history":[{"count":2,"href":"https:\/\/eucmos2025.uwr.edu.pl\/en\/wp-json\/wp\/v2\/pages\/29351\/revisions\/"}],"predecessor-version":[{"id":29357,"href":"https:\/\/eucmos2025.uwr.edu.pl\/en\/wp-json\/wp\/v2\/pages\/29351\/revisions\/29357\/"}],"wp:attachment":[{"href":"https:\/\/eucmos2025.uwr.edu.pl\/en\/wp-json\/wp\/v2\/media\/?parent=29351"}],"wp:term":[{"taxonomy":"category","embeddable":true,"href":"https:\/\/eucmos2025.uwr.edu.pl\/en\/wp-json\/wp\/v2\/categories\/?post=29351"},{"taxonomy":"post_tag","embeddable":true,"href":"https:\/\/eucmos2025.uwr.edu.pl\/en\/wp-json\/wp\/v2\/tags\/?post=29351"}],"curies":[{"name":"wp","href":"https:\/\/api.w.org\/{rel}","templated":true}]}}