{"id":27109,"date":"2025-02-17T21:42:21","date_gmt":"2025-02-17T20:42:21","guid":{"rendered":"https:\/\/eucmos2025.uwr.edu.pl\/?page_id=27109"},"modified":"2025-02-17T21:42:26","modified_gmt":"2025-02-17T20:42:26","slug":"prof-piotr-piecuch","status":"publish","type":"page","link":"https:\/\/eucmos2025.uwr.edu.pl\/en\/prof-piotr-piecuch\/","title":{"rendered":"Prof. Piotr Piecuch"},"content":{"rendered":"\n<div class=\"wp-block-stackable-columns stk-block-columns stk-block stk-7bb913e\" data-block-id=\"7bb913e\"><div class=\"stk-row stk-inner-blocks stk-block-content stk-content-align stk-7bb913e-column\">\n<div class=\"wp-block-stackable-column stk-block-column stk-column stk-block stk-8a62dbb\" data-v=\"4\" data-block-id=\"8a62dbb\"><style>@media screen and (min-width: 768px){.stk-8a62dbb {flex:var(--stk-flex-grow, 1) 1 calc(10% - var(--stk-column-gap, 0px) * 3 \/ 4 ) !important;}}<\/style><div class=\"stk-column-wrapper stk-block-column__content stk-container stk-8a62dbb-container stk--no-background stk--no-padding\"><div class=\"stk-block-content stk-inner-blocks stk-8a62dbb-inner-blocks\"><\/div><\/div><\/div>\n\n\n\n<div class=\"wp-block-stackable-column stk-block-column stk-column stk-block stk-610bd04\" data-v=\"4\" data-block-id=\"610bd04\"><style>@media screen and (min-width: 768px){.stk-610bd04 {flex:var(--stk-flex-grow, 1) 1 calc(40% - var(--stk-column-gap, 0px) * 3 \/ 4 ) !important;}}<\/style><div class=\"stk-column-wrapper stk-block-column__content stk-container stk-610bd04-container stk--no-background stk--no-padding\"><div class=\"stk-block-content stk-inner-blocks stk-610bd04-inner-blocks\">\n<figure class=\"wp-block-image aligncenter size-full is-resized\"><img loading=\"lazy\" decoding=\"async\" width=\"375\" height=\"500\" src=\"https:\/\/eucmos2025.uwr.edu.pl\/wp-content\/uploads\/sites\/450\/2025\/02\/Piotr-Piecuch-photo-375-500px.jpg\" alt=\"Piecuch\" class=\"wp-image-27097\" style=\"width:540px;height:auto\" srcset=\"https:\/\/eucmos2025.uwr.edu.pl\/wp-content\/uploads\/sites\/450\/2025\/02\/Piotr-Piecuch-photo-375-500px.jpg 375w, https:\/\/eucmos2025.uwr.edu.pl\/wp-content\/uploads\/sites\/450\/2025\/02\/Piotr-Piecuch-photo-375-500px-225x300.jpg 225w, https:\/\/eucmos2025.uwr.edu.pl\/wp-content\/uploads\/sites\/450\/2025\/02\/Piotr-Piecuch-photo-375-500px-18x24.jpg 18w, https:\/\/eucmos2025.uwr.edu.pl\/wp-content\/uploads\/sites\/450\/2025\/02\/Piotr-Piecuch-photo-375-500px-27x36.jpg 27w, https:\/\/eucmos2025.uwr.edu.pl\/wp-content\/uploads\/sites\/450\/2025\/02\/Piotr-Piecuch-photo-375-500px-36x48.jpg 36w\" sizes=\"auto, (max-width: 375px) 100vw, 375px\" \/><\/figure>\n<\/div><\/div><\/div>\n\n\n\n<div class=\"wp-block-stackable-column stk-block-column stk-column stk-block stk-97758ac\" data-v=\"4\" data-block-id=\"97758ac\"><style>@media screen and (min-width: 768px){.stk-97758ac {flex:var(--stk-flex-grow, 1) 1 calc(40% - var(--stk-column-gap, 0px) * 3 \/ 4 ) !important;}}<\/style><div class=\"stk-column-wrapper stk-block-column__content stk-container stk-97758ac-container stk--no-background stk--no-padding\"><div class=\"stk-block-content stk-inner-blocks stk-97758ac-inner-blocks\">\n<div class=\"wp-block-stackable-spacer stk-block-spacer stk--no-padding stk-block stk-5a58278\" data-block-id=\"5a58278\"><\/div>\n\n\n\n<h1 class=\"wp-block-heading\">Prof. Piotr Piecuch<\/h1>\n\n\n\n<h2 class=\"wp-block-heading\"><em>Michigan State University<\/em><\/h2>\n\n\n\n<div class=\"wp-block-stackable-spacer stk-block-spacer stk--no-padding stk-block stk-39b3203\" data-block-id=\"39b3203\"><\/div>\n\n\n\n<h2 class=\"wp-block-heading\"><strong>Session topic<\/strong>: <br><em>Artificial Intelligence, chemometric, theory<\/em><\/h2>\n\n\n\n<div class=\"wp-block-stackable-spacer stk-block-spacer stk--no-padding stk-block stk-0de06d4\" data-block-id=\"0de06d4\"><\/div>\n\n\n\n<h2 class=\"wp-block-heading\"><strong>Lecture title<\/strong>:<em> <\/em><br><em>Computational studies of FR0-SB, a novel organic compound that deprotonates<br>alcohols upon photoexcitation<\/em><\/h2>\n<\/div><\/div><\/div>\n\n\n\n<div class=\"wp-block-stackable-column stk-block-column stk-column stk-block stk-a06b193\" data-v=\"4\" data-block-id=\"a06b193\"><style>@media screen and (min-width: 768px){.stk-a06b193 {flex:var(--stk-flex-grow, 1) 1 calc(10% - var(--stk-column-gap, 0px) * 3 \/ 4 ) !important;}}<\/style><div class=\"stk-column-wrapper stk-block-column__content stk-container stk-a06b193-container stk--no-background stk--no-padding\"><div class=\"stk-block-content stk-inner-blocks stk-a06b193-inner-blocks\"><\/div><\/div><\/div>\n<\/div><\/div>\n\n\n\n<div class=\"wp-block-stackable-columns stk-block-columns stk-block stk-4bb0edf\" data-block-id=\"4bb0edf\"><div class=\"stk-row stk-inner-blocks stk-block-content stk-content-align stk-4bb0edf-column\">\n<div class=\"wp-block-stackable-column stk-block-column stk-column stk-block stk-b38b63e\" data-v=\"4\" data-block-id=\"b38b63e\"><style>@media screen and (min-width: 768px){.stk-b38b63e {flex:var(--stk-flex-grow, 1) 1 calc(10% - var(--stk-column-gap, 0px) * 2 \/ 3 ) !important;}}<\/style><div class=\"stk-column-wrapper stk-block-column__content stk-container stk-b38b63e-container stk--no-background stk--no-padding\"><div class=\"stk-block-content stk-inner-blocks stk-b38b63e-inner-blocks\"><\/div><\/div><\/div>\n\n\n\n<div class=\"wp-block-stackable-column stk-block-column stk-column stk-block stk-cd5d436\" data-v=\"4\" data-block-id=\"cd5d436\"><style>@media screen and (min-width: 768px){.stk-cd5d436 {flex:var(--stk-flex-grow, 1) 1 calc(80% - var(--stk-column-gap, 0px) * 2 \/ 3 ) !important;}}<\/style><div class=\"stk-column-wrapper stk-block-column__content stk-container stk-cd5d436-container stk--no-background stk--no-padding\"><div class=\"stk-block-content stk-inner-blocks stk-cd5d436-inner-blocks\">\n<div class=\"wp-block-stackable-text stk-block-text stk-block stk-be28336\" id=\"malgorzata-baranska-is-a-full-professor-of-chemistry-since-2013-a-head-of-the-raman-imaging-group-and-a-chair-of-chemical-physics-department-faculty-of-chemistry-jagiellonian-university-in-krakow-and-a-head-of-raman-spectroscopy-team-at-jagiellonian-centre-for-experimental-therapeutics-jcet-in-2016-she-was-appointed-as-an-editor-of-spectrochimica-acta-part-a-elsevier-since-2017-she-has-been-a-director-of-the-international-society-for-clinical-spectroscopy-clirspec-a-nonprofit-organization-and-platform-to-promote-the-translation-of-vibrational-spectroscopy-into-the-clinical-environment-the-current-direction-of-her-research-is-related-to-metabolomics-at-the-single-cell-level-the-search-for-spectroscopic-markers-of-lifestyle-diseases-and-focuses-on-the-analysis-of-bioactive-compounds-using-spectroscopic-methods-including-raman-microscopy-based-on-spontaneous-and-stimulated-raman-scattering-srs-and-anti-stokes-coherent-raman-scattering-cars-in-addition-she-explores-the-mechanisms-of-raman-signal-amplification-including-raman-optical-activity-roa\" data-block-id=\"be28336\"><p class=\"stk-block-text__text has-text-align-justify\">Professor Piotr Piecuch received his M.S. and Ph.D. degrees from the University of Wroc\u0142aw in 1983 and 1988, respectively. After postdoctoral and faculty appointments at the University of Wroc\u0142aw, where he was associated with the group of Professor Henryk Ratajczak, University of Waterloo, where he worked with Professors Josef Pal\u00addus and Ji\u0159\u00ed \u010c\u00ed\u017eek, University of Arizona, where he worked with Professor Ludwik Adamowicz, University of Toronto, where he worked with Professor John C. Polanyi, and University of Florida, where he worked with Professor Rodney J. Bartlett, he joined the faculty at Michigan State University in 1998. He was promoted to Associate Professor in 2002 and Full Professor in 2004. In 2007, he was named a University Distinguished Professor, and in 2020, he was awarded the title of MSU Research Foundation Professor. His main academic appointment at Michigan State University is in the Department of Chemistry, but he also holds an Adjunct Professorship in the Department of Physics and Astronomy. While at Michigan State University, he was named a Visiting Professor at Kyoto University, Univer\u00adsity of Coimbra, and the Institute for Molecular Science in Okazaki, and a Clark Way Harrison Dis\u00adtinguished Visit\u00ading Professor at Washing\u00adton University in St. Louis. His research, which has resulted in about 240 papers cited according to Google Scholar more than 18,000 times (h=73), has focused on the development of coupled-cluster and other quantum many-body theories, as applied to many-electron systems and atomic nuclei, theory of intermolecular forces, and appli\u00adcations of computational approaches to molecular spectroscopy, chemical reactivity, photochemistry, and photophysics. He is a co-author of the widely used GAMESS software and several open-source codes on GitHub. Professor Piecuch has earned many honors throughout his career, including being elected to the International Academy of Quantum Molecular Science and the Euro\u00adpean Acade\u00admy of Sciences, Arts, and Humanities and being named Fellow of the American Association for the Ad\u00advancement of Science, Fellow of the Royal Society of Chemistry, Fellow of the American Physical Society, Distinguished Fellow of the Kosciuszko Foundation Collegium of Eminent Scientists, Invited Fel\u00adlow of the Japan Society for the Promotion of Science, Alfred P. Sloan Foun\u00addation Fellow, Xingda Lecturer by Peking University, Lawrence J. Schaad Lectur\u00ader in Theoretical Chemistry by Vanderbilt University, and S.R. Palit Memorial Lecturer by the Indian Association for the Cultivation of Science. He has given more than 300 invited lectures, co-edited 6 books and 2 special journal issues, co-organized 11 conferences, and served on many scientific committees, review panels, and editorial boards. He currently serves as an Associate Editor of <em>Theoretical Chemistry Accounts<\/em>. After joining Michigan State University in 1998, he has worked with 16 postdoctoral associates and visiting professors and scholars and has advised 22 doctoral students.<\/p><\/div>\n<\/div><\/div><\/div>\n\n\n\n<div class=\"wp-block-stackable-column stk-block-column stk-column stk-block stk-e352b04\" data-v=\"4\" data-block-id=\"e352b04\"><style>@media screen and (min-width: 768px){.stk-e352b04 {flex:var(--stk-flex-grow, 1) 1 calc(10% - var(--stk-column-gap, 0px) * 2 \/ 3 ) !important;}}<\/style><div class=\"stk-column-wrapper stk-block-column__content stk-container stk-e352b04-container stk--no-background stk--no-padding\"><div class=\"stk-block-content stk-inner-blocks stk-e352b04-inner-blocks\"><\/div><\/div><\/div>\n<\/div><\/div>\n\n\n\n<p><\/p>\n","protected":false},"excerpt":{"rendered":"<p>Prof. Piotr Piecuch<\/p>\n","protected":false},"author":792,"featured_media":27097,"parent":0,"menu_order":0,"comment_status":"closed","ping_status":"closed","template":"","meta":{"_acf_changed":false,"inline_featured_image":false,"site-sidebar-layout":"default","site-content-layout":"","ast-site-content-layout":"default","site-content-style":"default","site-sidebar-style":"default","ast-global-header-display":"","ast-banner-title-visibility":"","ast-main-header-display":"","ast-hfb-above-header-display":"","ast-hfb-below-header-display":"","ast-hfb-mobile-header-display":"","site-post-title":"","ast-breadcrumbs-content":"","ast-featured-img":"","footer-sml-layout":"","ast-disable-related-posts":"","theme-transparent-header-meta":"","adv-header-id-meta":"","stick-header-meta":"","header-above-stick-meta":"","header-main-stick-meta":"","header-below-stick-meta":"","astra-migrate-meta-layouts":"set","ast-page-background-enabled":"default","ast-page-background-meta":{"desktop":{"background-color":"","background-image":"","background-repeat":"repeat","background-position":"center center","background-size":"auto","background-attachment":"scroll","background-type":"","background-media":"","overlay-type":"","overlay-color":"","overlay-opacity":"","overlay-gradient":""},"tablet":{"background-color":"","background-image":"","background-repeat":"repeat","background-position":"center center","background-size":"auto","background-attachment":"scroll","background-type":"","background-media":"","overlay-type":"","overlay-color":"","overlay-opacity":"","overlay-gradient":""},"mobile":{"background-color":"","background-image":"","background-repeat":"repeat","background-position":"center center","background-size":"auto","background-attachment":"scroll","background-type":"","background-media":"","overlay-type":"","overlay-color":"","overlay-opacity":"","overlay-gradient":""}},"ast-content-background-meta":{"desktop":{"background-color":"var(--ast-global-color-5)","background-image":"","background-repeat":"repeat","background-position":"center center","background-size":"auto","background-attachment":"scroll","background-type":"","background-media":"","overlay-type":"","overlay-color":"","overlay-opacity":"","overlay-gradient":""},"tablet":{"background-color":"var(--ast-global-color-5)","background-image":"","background-repeat":"repeat","background-position":"center center","background-size":"auto","background-attachment":"scroll","background-type":"","background-media":"","overlay-type":"","overlay-color":"","overlay-opacity":"","overlay-gradient":""},"mobile":{"background-color":"var(--ast-global-color-5)","background-image":"","background-repeat":"repeat","background-position":"center center","background-size":"auto","background-attachment":"scroll","background-type":"","background-media":"","overlay-type":"","overlay-color":"","overlay-opacity":"","overlay-gradient":""}},"footnotes":""},"categories":[],"tags":[],"class_list":["post-27109","page","type-page","status-publish","has-post-thumbnail","hentry"],"featured_image_urls_v2":{"full":["https:\/\/eucmos2025.uwr.edu.pl\/wp-content\/uploads\/sites\/450\/2025\/02\/Piotr-Piecuch-photo-375-500px.jpg",375,500,false],"thumbnail":["https:\/\/eucmos2025.uwr.edu.pl\/wp-content\/uploads\/sites\/450\/2025\/02\/Piotr-Piecuch-photo-375-500px-150x150.jpg",150,150,true],"medium":["https:\/\/eucmos2025.uwr.edu.pl\/wp-content\/uploads\/sites\/450\/2025\/02\/Piotr-Piecuch-photo-375-500px-225x300.jpg",225,300,true],"medium_large":["https:\/\/eucmos2025.uwr.edu.pl\/wp-content\/uploads\/sites\/450\/2025\/02\/Piotr-Piecuch-photo-375-500px.jpg",375,500,false],"large":["https:\/\/eucmos2025.uwr.edu.pl\/wp-content\/uploads\/sites\/450\/2025\/02\/Piotr-Piecuch-photo-375-500px.jpg",375,500,false],"1536x1536":["https:\/\/eucmos2025.uwr.edu.pl\/wp-content\/uploads\/sites\/450\/2025\/02\/Piotr-Piecuch-photo-375-500px.jpg",375,500,false],"2048x2048":["https:\/\/eucmos2025.uwr.edu.pl\/wp-content\/uploads\/sites\/450\/2025\/02\/Piotr-Piecuch-photo-375-500px.jpg",375,500,false],"menu-24x24":["https:\/\/eucmos2025.uwr.edu.pl\/wp-content\/uploads\/sites\/450\/2025\/02\/Piotr-Piecuch-photo-375-500px-18x24.jpg",18,24,true],"menu-36x36":["https:\/\/eucmos2025.uwr.edu.pl\/wp-content\/uploads\/sites\/450\/2025\/02\/Piotr-Piecuch-photo-375-500px-27x36.jpg",27,36,true],"menu-48x48":["https:\/\/eucmos2025.uwr.edu.pl\/wp-content\/uploads\/sites\/450\/2025\/02\/Piotr-Piecuch-photo-375-500px-36x48.jpg",36,48,true]},"post_excerpt_stackable_v2":"<p>Prof. Piotr Piecuch<\/p>\n","category_list_v2":"Uncategorized","author_info_v2":{"name":"Justyna Krupa","url":"https:\/\/eucmos2025.uwr.edu.pl\/en\/author\/justyna-krupauwr-edu-pl\/"},"comments_num_v2":"0 comments","acf":[],"yoast_head":"<!-- This site is optimized with the Yoast SEO plugin v27.1.1 - https:\/\/yoast.com\/product\/yoast-seo-wordpress\/ -->\n<title>Prof. Piotr Piecuch - EUCMOS 2025 \/ EMPOC 2025<\/title>\n<meta name=\"robots\" content=\"index, follow, max-snippet:-1, max-image-preview:large, max-video-preview:-1\" \/>\n<link rel=\"canonical\" href=\"https:\/\/eucmos2025.uwr.edu.pl\/en\/prof-piotr-piecuch\/\" \/>\n<meta property=\"og:locale\" content=\"en_US\" \/>\n<meta property=\"og:type\" content=\"article\" \/>\n<meta property=\"og:title\" content=\"Prof. Piotr Piecuch - EUCMOS 2025 \/ EMPOC 2025\" \/>\n<meta property=\"og:description\" content=\"Prof. Piotr Piecuch\" \/>\n<meta property=\"og:url\" content=\"https:\/\/eucmos2025.uwr.edu.pl\/en\/prof-piotr-piecuch\/\" \/>\n<meta property=\"og:site_name\" content=\"EUCMOS 2025 \/ EMPOC 2025\" \/>\n<meta property=\"article:modified_time\" content=\"2025-02-17T20:42:26+00:00\" \/>\n<meta property=\"og:image\" content=\"https:\/\/eucmos2025.uwr.edu.pl\/wp-content\/uploads\/sites\/450\/2025\/02\/Piotr-Piecuch-photo-375-500px.jpg\" \/>\n\t<meta property=\"og:image:width\" content=\"375\" \/>\n\t<meta property=\"og:image:height\" content=\"500\" \/>\n\t<meta property=\"og:image:type\" content=\"image\/jpeg\" \/>\n<meta name=\"twitter:card\" content=\"summary_large_image\" \/>\n<meta name=\"twitter:label1\" content=\"Est. reading time\" \/>\n\t<meta name=\"twitter:data1\" content=\"4 minutes\" \/>\n<script type=\"application\/ld+json\" class=\"yoast-schema-graph\">{\"@context\":\"https:\/\/schema.org\",\"@graph\":[{\"@type\":\"WebPage\",\"@id\":\"https:\/\/eucmos2025.uwr.edu.pl\/en\/prof-piotr-piecuch\/\",\"url\":\"https:\/\/eucmos2025.uwr.edu.pl\/en\/prof-piotr-piecuch\/\",\"name\":\"Prof. Piotr Piecuch - EUCMOS 2025 \/ EMPOC 2025\",\"isPartOf\":{\"@id\":\"https:\/\/eucmos2025.uwr.edu.pl\/#website\"},\"primaryImageOfPage\":{\"@id\":\"https:\/\/eucmos2025.uwr.edu.pl\/en\/prof-piotr-piecuch\/#primaryimage\"},\"image\":{\"@id\":\"https:\/\/eucmos2025.uwr.edu.pl\/en\/prof-piotr-piecuch\/#primaryimage\"},\"thumbnailUrl\":\"https:\/\/eucmos2025.uwr.edu.pl\/wp-content\/uploads\/sites\/450\/2025\/02\/Piotr-Piecuch-photo-375-500px.jpg\",\"datePublished\":\"2025-02-17T20:42:21+00:00\",\"dateModified\":\"2025-02-17T20:42:26+00:00\",\"breadcrumb\":{\"@id\":\"https:\/\/eucmos2025.uwr.edu.pl\/en\/prof-piotr-piecuch\/#breadcrumb\"},\"inLanguage\":\"en-US\",\"potentialAction\":[{\"@type\":\"ReadAction\",\"target\":[\"https:\/\/eucmos2025.uwr.edu.pl\/en\/prof-piotr-piecuch\/\"]}]},{\"@type\":\"ImageObject\",\"inLanguage\":\"en-US\",\"@id\":\"https:\/\/eucmos2025.uwr.edu.pl\/en\/prof-piotr-piecuch\/#primaryimage\",\"url\":\"https:\/\/eucmos2025.uwr.edu.pl\/wp-content\/uploads\/sites\/450\/2025\/02\/Piotr-Piecuch-photo-375-500px.jpg\",\"contentUrl\":\"https:\/\/eucmos2025.uwr.edu.pl\/wp-content\/uploads\/sites\/450\/2025\/02\/Piotr-Piecuch-photo-375-500px.jpg\",\"width\":375,\"height\":500,\"caption\":\"Piecuch\"},{\"@type\":\"BreadcrumbList\",\"@id\":\"https:\/\/eucmos2025.uwr.edu.pl\/en\/prof-piotr-piecuch\/#breadcrumb\",\"itemListElement\":[{\"@type\":\"ListItem\",\"position\":1,\"name\":\"Strona g\u0142\u00f3wna\",\"item\":\"https:\/\/eucmos2025.uwr.edu.pl\/en\/\"},{\"@type\":\"ListItem\",\"position\":2,\"name\":\"Prof. Piotr Piecuch\"}]},{\"@type\":\"WebSite\",\"@id\":\"https:\/\/eucmos2025.uwr.edu.pl\/#website\",\"url\":\"https:\/\/eucmos2025.uwr.edu.pl\/\",\"name\":\"XXXVI European Congress on Molecular Spectroscopy\",\"description\":\"EUCMOS 2025 \/ EMPOC 2025\",\"publisher\":{\"@id\":\"https:\/\/eucmos2025.uwr.edu.pl\/#organization\"},\"potentialAction\":[{\"@type\":\"SearchAction\",\"target\":{\"@type\":\"EntryPoint\",\"urlTemplate\":\"https:\/\/eucmos2025.uwr.edu.pl\/?s={search_term_string}\"},\"query-input\":{\"@type\":\"PropertyValueSpecification\",\"valueRequired\":true,\"valueName\":\"search_term_string\"}}],\"inLanguage\":\"en-US\"},{\"@type\":\"Organization\",\"@id\":\"https:\/\/eucmos2025.uwr.edu.pl\/#organization\",\"name\":\"XXXVI European Congress on Molecular Spectroscopy\",\"url\":\"https:\/\/eucmos2025.uwr.edu.pl\/\",\"logo\":{\"@type\":\"ImageObject\",\"inLanguage\":\"en-US\",\"@id\":\"https:\/\/eucmos2025.uwr.edu.pl\/#\/schema\/logo\/image\/\",\"url\":\"https:\/\/eucmos2025.uwr.edu.pl\/wp-content\/uploads\/sites\/450\/2025\/10\/UWr-logotyp-2025.png\",\"contentUrl\":\"https:\/\/eucmos2025.uwr.edu.pl\/wp-content\/uploads\/sites\/450\/2025\/10\/UWr-logotyp-2025.png\",\"width\":764,\"height\":269,\"caption\":\"XXXVI European Congress on Molecular Spectroscopy\"},\"image\":{\"@id\":\"https:\/\/eucmos2025.uwr.edu.pl\/#\/schema\/logo\/image\/\"}}]}<\/script>\n<!-- \/ Yoast SEO plugin. -->","yoast_head_json":{"title":"Prof. Piotr Piecuch - EUCMOS 2025 \/ EMPOC 2025","robots":{"index":"index","follow":"follow","max-snippet":"max-snippet:-1","max-image-preview":"max-image-preview:large","max-video-preview":"max-video-preview:-1"},"canonical":"https:\/\/eucmos2025.uwr.edu.pl\/en\/prof-piotr-piecuch\/","og_locale":"en_US","og_type":"article","og_title":"Prof. Piotr Piecuch - EUCMOS 2025 \/ EMPOC 2025","og_description":"Prof. Piotr Piecuch","og_url":"https:\/\/eucmos2025.uwr.edu.pl\/en\/prof-piotr-piecuch\/","og_site_name":"EUCMOS 2025 \/ EMPOC 2025","article_modified_time":"2025-02-17T20:42:26+00:00","og_image":[{"width":375,"height":500,"url":"https:\/\/eucmos2025.uwr.edu.pl\/wp-content\/uploads\/sites\/450\/2025\/02\/Piotr-Piecuch-photo-375-500px.jpg","type":"image\/jpeg"}],"twitter_card":"summary_large_image","twitter_misc":{"Est. reading time":"4 minutes"},"schema":{"@context":"https:\/\/schema.org","@graph":[{"@type":"WebPage","@id":"https:\/\/eucmos2025.uwr.edu.pl\/en\/prof-piotr-piecuch\/","url":"https:\/\/eucmos2025.uwr.edu.pl\/en\/prof-piotr-piecuch\/","name":"Prof. Piotr Piecuch - EUCMOS 2025 \/ EMPOC 2025","isPartOf":{"@id":"https:\/\/eucmos2025.uwr.edu.pl\/#website"},"primaryImageOfPage":{"@id":"https:\/\/eucmos2025.uwr.edu.pl\/en\/prof-piotr-piecuch\/#primaryimage"},"image":{"@id":"https:\/\/eucmos2025.uwr.edu.pl\/en\/prof-piotr-piecuch\/#primaryimage"},"thumbnailUrl":"https:\/\/eucmos2025.uwr.edu.pl\/wp-content\/uploads\/sites\/450\/2025\/02\/Piotr-Piecuch-photo-375-500px.jpg","datePublished":"2025-02-17T20:42:21+00:00","dateModified":"2025-02-17T20:42:26+00:00","breadcrumb":{"@id":"https:\/\/eucmos2025.uwr.edu.pl\/en\/prof-piotr-piecuch\/#breadcrumb"},"inLanguage":"en-US","potentialAction":[{"@type":"ReadAction","target":["https:\/\/eucmos2025.uwr.edu.pl\/en\/prof-piotr-piecuch\/"]}]},{"@type":"ImageObject","inLanguage":"en-US","@id":"https:\/\/eucmos2025.uwr.edu.pl\/en\/prof-piotr-piecuch\/#primaryimage","url":"https:\/\/eucmos2025.uwr.edu.pl\/wp-content\/uploads\/sites\/450\/2025\/02\/Piotr-Piecuch-photo-375-500px.jpg","contentUrl":"https:\/\/eucmos2025.uwr.edu.pl\/wp-content\/uploads\/sites\/450\/2025\/02\/Piotr-Piecuch-photo-375-500px.jpg","width":375,"height":500,"caption":"Piecuch"},{"@type":"BreadcrumbList","@id":"https:\/\/eucmos2025.uwr.edu.pl\/en\/prof-piotr-piecuch\/#breadcrumb","itemListElement":[{"@type":"ListItem","position":1,"name":"Strona g\u0142\u00f3wna","item":"https:\/\/eucmos2025.uwr.edu.pl\/en\/"},{"@type":"ListItem","position":2,"name":"Prof. Piotr Piecuch"}]},{"@type":"WebSite","@id":"https:\/\/eucmos2025.uwr.edu.pl\/#website","url":"https:\/\/eucmos2025.uwr.edu.pl\/","name":"XXXVI European Congress on Molecular Spectroscopy","description":"EUCMOS 2025 \/ EMPOC 2025","publisher":{"@id":"https:\/\/eucmos2025.uwr.edu.pl\/#organization"},"potentialAction":[{"@type":"SearchAction","target":{"@type":"EntryPoint","urlTemplate":"https:\/\/eucmos2025.uwr.edu.pl\/?s={search_term_string}"},"query-input":{"@type":"PropertyValueSpecification","valueRequired":true,"valueName":"search_term_string"}}],"inLanguage":"en-US"},{"@type":"Organization","@id":"https:\/\/eucmos2025.uwr.edu.pl\/#organization","name":"XXXVI European Congress on Molecular Spectroscopy","url":"https:\/\/eucmos2025.uwr.edu.pl\/","logo":{"@type":"ImageObject","inLanguage":"en-US","@id":"https:\/\/eucmos2025.uwr.edu.pl\/#\/schema\/logo\/image\/","url":"https:\/\/eucmos2025.uwr.edu.pl\/wp-content\/uploads\/sites\/450\/2025\/10\/UWr-logotyp-2025.png","contentUrl":"https:\/\/eucmos2025.uwr.edu.pl\/wp-content\/uploads\/sites\/450\/2025\/10\/UWr-logotyp-2025.png","width":764,"height":269,"caption":"XXXVI European Congress on Molecular Spectroscopy"},"image":{"@id":"https:\/\/eucmos2025.uwr.edu.pl\/#\/schema\/logo\/image\/"}}]}},"publishpress_future_action":{"enabled":false,"date":"2026-05-21 02:21:41","action":"change-status","newStatus":"draft","terms":[],"taxonomy":"category","extraData":[]},"publishpress_future_workflow_manual_trigger":{"enabledWorkflows":[]},"_links":{"self":[{"href":"https:\/\/eucmos2025.uwr.edu.pl\/en\/wp-json\/wp\/v2\/pages\/27109\/"}],"collection":[{"href":"https:\/\/eucmos2025.uwr.edu.pl\/en\/wp-json\/wp\/v2\/pages\/"}],"about":[{"href":"https:\/\/eucmos2025.uwr.edu.pl\/en\/wp-json\/wp\/v2\/types\/page\/"}],"author":[{"embeddable":true,"href":"https:\/\/eucmos2025.uwr.edu.pl\/en\/wp-json\/wp\/v2\/users\/792\/"}],"replies":[{"embeddable":true,"href":"https:\/\/eucmos2025.uwr.edu.pl\/en\/wp-json\/wp\/v2\/comments\/?post=27109"}],"version-history":[{"count":5,"href":"https:\/\/eucmos2025.uwr.edu.pl\/en\/wp-json\/wp\/v2\/pages\/27109\/revisions\/"}],"predecessor-version":[{"id":27124,"href":"https:\/\/eucmos2025.uwr.edu.pl\/en\/wp-json\/wp\/v2\/pages\/27109\/revisions\/27124\/"}],"wp:featuredmedia":[{"embeddable":true,"href":"https:\/\/eucmos2025.uwr.edu.pl\/en\/wp-json\/wp\/v2\/media\/27097\/"}],"wp:attachment":[{"href":"https:\/\/eucmos2025.uwr.edu.pl\/en\/wp-json\/wp\/v2\/media\/?parent=27109"}],"wp:term":[{"taxonomy":"category","embeddable":true,"href":"https:\/\/eucmos2025.uwr.edu.pl\/en\/wp-json\/wp\/v2\/categories\/?post=27109"},{"taxonomy":"post_tag","embeddable":true,"href":"https:\/\/eucmos2025.uwr.edu.pl\/en\/wp-json\/wp\/v2\/tags\/?post=27109"}],"curies":[{"name":"wp","href":"https:\/\/api.w.org\/{rel}","templated":true}]}}