{"id":24491,"date":"2024-07-10T15:15:46","date_gmt":"2024-07-10T13:15:46","guid":{"rendered":"https:\/\/eucmos2025.uwr.edu.pl\/?page_id=24491"},"modified":"2024-11-21T11:29:10","modified_gmt":"2024-11-21T10:29:10","slug":"travel-how-to-get-to-wroclaw","status":"publish","type":"page","link":"https:\/\/eucmos2025.uwr.edu.pl\/en\/travel-how-to-get-to-wroclaw\/","title":{"rendered":"Travel &amp; Visa"},"content":{"rendered":"\n<div class=\"wp-block-stackable-columns stk-block-columns stk-block stk-a265c4c\" data-block-id=\"a265c4c\"><div class=\"stk-row stk-inner-blocks stk-block-content stk-content-align stk-a265c4c-column\">\n<div class=\"wp-block-stackable-column stk-block-column stk-column stk-block stk-b77bd4e\" data-v=\"4\" data-block-id=\"b77bd4e\"><style>@media screen and (min-width: 768px){.stk-b77bd4e {flex:var(--stk-flex-grow, 1) 1 calc(10% - var(--stk-column-gap, 0px) * 2 \/ 3 ) !important;}}<\/style><div class=\"stk-column-wrapper stk-block-column__content stk-container stk-b77bd4e-container stk--no-background stk--no-padding\"><div class=\"stk-block-content stk-inner-blocks stk-b77bd4e-inner-blocks\"><\/div><\/div><\/div>\n\n\n\n<div class=\"wp-block-stackable-column stk-block-column stk-column stk-block stk-2ff304e\" data-v=\"4\" data-block-id=\"2ff304e\"><style>@media screen and (min-width: 768px){.stk-2ff304e {flex:var(--stk-flex-grow, 1) 1 calc(80% - var(--stk-column-gap, 0px) * 2 \/ 3 ) !important;}}<\/style><div class=\"stk-column-wrapper stk-block-column__content stk-container stk-2ff304e-container stk--no-background stk--no-padding\"><div class=\"stk-block-content stk-inner-blocks stk-2ff304e-inner-blocks\">\n<h2 class=\"wp-block-heading has-text-align-left\"><strong>Travel<\/strong><\/h2>\n\n\n\n<h3 class=\"wp-block-heading\">How to get to Wroc\u0142aw<\/h3>\n\n\n\n<p>Please note the other names used for Wroc\u0142aw \u2013 Breslau (German) and Breslavia (Italian).<\/p>\n\n\n\n<h4 class=\"wp-block-heading\">Travel by plane<\/h4>\n\n\n\n<p>It is recommended to travel to Wroc\u0142aw by plane. <br>Wroc\u0142aw Nicolaus Copernicus Airport (WRO) (<a href=\"https:\/\/airport.wroclaw.pl\/\">https:\/\/airport.wroclaw.pl\/<\/a>) is located in the south of the city, about 30 minutes by car\/taxi to the conference venue. <br>There are direct flights from several European cities, and connected flights by LOT, Lufthansa, KLM, Swiss, Finnair, Ryanair, and WIZZ. <br>It is also possible to fly to other Polish airports, such as Warsaw, Pozna\u0144, Katowice, and Krak\u00f3w, and then travel by plane\/train.<\/p>\n\n\n\n<h4 class=\"wp-block-heading\">Travel by train<\/h4>\n\n\n\n<p>There are direct trains to Wroc\u0142aw&nbsp;from most of the cities in Poland as well as some international trains (Berlin, Wien, Prague).<\/p>\n\n\n\n<h4 class=\"wp-block-heading\">Travel by bus<\/h4>\n\n\n\n<p>There are direct buses to\/from Wroclaw by Flixbus (<a href=\"https:\/\/www.flixbus.pl\/\">https:\/\/www.flixbus.pl<\/a>) to many countries.<\/p>\n\n\n\n<h4 class=\"wp-block-heading\">Travel by car<\/h4>\n\n\n\n<p>Wroc\u0142aw is well connected by highways (A8, A4) and high-speed roads (S8) with travel by car below 4 h to Warsaw, Berlin, Prague, below 6 h to Bratislava, Vienna, and 7 h to Budapest.<\/p>\n<\/div><\/div><\/div>\n\n\n\n<div class=\"wp-block-stackable-column stk-block-column stk-column stk-block stk-767164e\" data-v=\"4\" data-block-id=\"767164e\"><style>@media screen and (min-width: 768px){.stk-767164e {flex:var(--stk-flex-grow, 1) 1 calc(10% - var(--stk-column-gap, 0px) * 2 \/ 3 ) !important;}}<\/style><div class=\"stk-column-wrapper stk-block-column__content stk-container stk-767164e-container stk--no-background stk--no-padding\"><div class=\"stk-block-content stk-inner-blocks stk-767164e-inner-blocks\"><\/div><\/div><\/div>\n<\/div><\/div>\n\n\n\n<div class=\"wp-block-stackable-columns stk-block-columns stk-block stk-40e85fe\" data-block-id=\"40e85fe\"><style>.stk-40e85fe {margin-bottom:92px !important;}<\/style><div class=\"stk-row stk-inner-blocks stk-block-content stk-content-align stk-40e85fe-column\">\n<div class=\"wp-block-stackable-column stk-block-column stk-column stk-block stk-df87b7c\" data-v=\"4\" data-block-id=\"df87b7c\"><style>@media screen and (min-width: 768px){.stk-df87b7c {flex:var(--stk-flex-grow, 1) 1 calc(10% - var(--stk-column-gap, 0px) * 2 \/ 3 ) !important;}}<\/style><div class=\"stk-column-wrapper stk-block-column__content stk-container stk-df87b7c-container stk--no-background stk--no-padding\"><div class=\"stk-block-content stk-inner-blocks stk-df87b7c-inner-blocks\"><\/div><\/div><\/div>\n\n\n\n<div class=\"wp-block-stackable-column stk-block-column stk-column stk-block stk-c88370e\" data-v=\"4\" data-block-id=\"c88370e\"><style>@media screen and (min-width: 768px){.stk-c88370e {flex:var(--stk-flex-grow, 1) 1 calc(80% - var(--stk-column-gap, 0px) * 2 \/ 3 ) !important;}}<\/style><div class=\"stk-column-wrapper stk-block-column__content stk-container stk-c88370e-container stk--no-background stk--no-padding\"><div class=\"stk-block-content stk-inner-blocks stk-c88370e-inner-blocks\">\n<h3 class=\"wp-block-heading\">How to get to the conference venue?<\/h3>\n\n\n\n<h4 class=\"wp-block-heading\">Public transportation<\/h4>\n\n\n\n<p>For Wroc\u0142aw (and other Polish cities) public transport, we recommend the app Jakdojade (<a href=\"https:\/\/play.google.com\/store\/apps\/details?id=com.citynav.jakdojade.pl.android\">https:\/\/play.google.com\/store\/apps\/details?id=com.citynav.jakdojade.pl.android<\/a>). <br>You can buy the ticket on the app or buy the ticket on board by credit\/debit card (the ticket is encoded in the card).<\/p>\n\n\n\n<h4 class=\"wp-block-heading\">From the airport<\/h4>\n\n\n\n<p>Bus 106 (every 15 minutes) connects the airport and the main railway station (\u201cdworzec\u201d in Polish) Wroc\u0142aw G\u0142\u00f3wny, with a total cost below 10 PLN (2 EUR).<\/p>\n\n\n\n<h4 class=\"wp-block-heading\">From the train\/bus station<\/h4>\n\n\n\n<p>The main railway station is Wroc\u0142aw G\u0142\u00f3wny (<a href=\"https:\/\/en.wikipedia.org\/wiki\/Wroc%C5%82aw_G%C5%82%C3%B3wny_railway_station\">https:\/\/en.wikipedia.org\/wiki\/Wroc\u0142aw_G\u0142\u00f3wny_railway_station<\/a>), while buses Flixbus arrive at the main bus station, which is located in the next building (Wroclavia mall,&nbsp;<a href=\"https:\/\/en.wikipedia.org\/wiki\/Wroclavia\">https:\/\/en.wikipedia.org\/wiki\/Wroclavia<\/a>). <br>Trams (numbers 4 and 2, destination &#8220;Biskupin&#8221;) and buses (numbers 145 and 146) reach the conference centre from these locations in about 20 minutes.<\/p>\n\n\n\n<h4 class=\"wp-block-heading\">By car<\/h4>\n\n\n\n<p>The taxi\/uber drive from the airport to the conference venue takes about 30 min (depending on the traffic), with an estimated cost of 50-100 PLN (10-20 EUR).<\/p>\n<\/div><\/div><\/div>\n\n\n\n<div class=\"wp-block-stackable-column stk-block-column stk-column stk-block stk-6ac81fa\" data-v=\"4\" data-block-id=\"6ac81fa\"><style>@media screen and (min-width: 768px){.stk-6ac81fa {flex:var(--stk-flex-grow, 1) 1 calc(10% - var(--stk-column-gap, 0px) * 2 \/ 3 ) !important;}}<\/style><div class=\"stk-column-wrapper stk-block-column__content stk-container stk-6ac81fa-container stk--no-background stk--no-padding\"><div class=\"stk-block-content stk-inner-blocks stk-6ac81fa-inner-blocks\"><\/div><\/div><\/div>\n<\/div><\/div>\n\n\n\n<div class=\"wp-block-stackable-columns stk-block-columns stk-block stk-136d49b\" data-block-id=\"136d49b\"><div class=\"stk-row stk-inner-blocks stk-block-content stk-content-align stk-136d49b-column\">\n<div class=\"wp-block-stackable-column stk-block-column stk-column stk-block stk-48eeb1b\" data-v=\"4\" data-block-id=\"48eeb1b\"><style>@media screen and (min-width: 768px){.stk-48eeb1b {flex:var(--stk-flex-grow, 1) 1 calc(10% - var(--stk-column-gap, 0px) * 2 \/ 3 ) !important;}}<\/style><div class=\"stk-column-wrapper stk-block-column__content stk-container stk-48eeb1b-container stk--no-background stk--no-padding\"><div class=\"stk-block-content stk-inner-blocks stk-48eeb1b-inner-blocks\"><\/div><\/div><\/div>\n\n\n\n<div class=\"wp-block-stackable-column stk-block-column stk-column stk-block stk-9e66ede\" data-v=\"4\" data-block-id=\"9e66ede\"><style>@media screen and (min-width: 768px){.stk-9e66ede {flex:var(--stk-flex-grow, 1) 1 calc(80.00000000000001% - var(--stk-column-gap, 0px) * 2 \/ 3 ) !important;}}<\/style><div class=\"stk-column-wrapper stk-block-column__content stk-container stk-9e66ede-container stk--no-background stk--no-padding\"><div class=\"stk-block-content stk-inner-blocks stk-9e66ede-inner-blocks\">\n<h2 class=\"wp-block-heading\"><strong>Visa Information<\/strong><\/h2>\n\n\n\n<p>If you need an invitation letter to apply for a visa, you should submit your abstract and then request the letter from Kazimierz Orzechowski (e-mail: kazimierz.orzechowski@uwr.edu.pl) or Justyna Krupa (e-mail: justyna.krupa@uwr.edu.pl).<\/p>\n<\/div><\/div><\/div>\n\n\n\n<div class=\"wp-block-stackable-column stk-block-column stk-column stk-block stk-ad9d862\" data-v=\"4\" data-block-id=\"ad9d862\"><style>@media screen and (min-width: 768px){.stk-ad9d862 {flex:var(--stk-flex-grow, 1) 1 calc(10% - var(--stk-column-gap, 0px) * 2 \/ 3 ) !important;}}<\/style><div class=\"stk-column-wrapper stk-block-column__content stk-container stk-ad9d862-container stk--no-background stk--no-padding\"><div class=\"stk-block-content stk-inner-blocks stk-ad9d862-inner-blocks\"><\/div><\/div><\/div>\n<\/div><\/div>\n\n\n\n<p><\/p>\n","protected":false},"excerpt":{"rendered":"<p>Local<\/p>\n","protected":false},"author":792,"featured_media":0,"parent":0,"menu_order":0,"comment_status":"closed","ping_status":"closed","template":"","meta":{"_acf_changed":false,"inline_featured_image":false,"site-sidebar-layout":"default","site-content-layout":"","ast-site-content-layout":"default","site-content-style":"default","site-sidebar-style":"default","ast-global-header-display":"","ast-banner-title-visibility":"","ast-main-header-display":"","ast-hfb-above-header-display":"","ast-hfb-below-header-display":"","ast-hfb-mobile-header-display":"","site-post-title":"","ast-breadcrumbs-content":"","ast-featured-img":"","footer-sml-layout":"","ast-disable-related-posts":"","theme-transparent-header-meta":"","adv-header-id-meta":"","stick-header-meta":"","header-above-stick-meta":"","header-main-stick-meta":"","header-below-stick-meta":"","astra-migrate-meta-layouts":"set","ast-page-background-enabled":"default","ast-page-background-meta":{"desktop":{"background-color":"","background-image":"","background-repeat":"repeat","background-position":"center center","background-size":"auto","background-attachment":"scroll","background-type":"","background-media":"","overlay-type":"","overlay-color":"","overlay-opacity":"","overlay-gradient":""},"tablet":{"background-color":"","background-image":"","background-repeat":"repeat","background-position":"center center","background-size":"auto","background-attachment":"scroll","background-type":"","background-media":"","overlay-type":"","overlay-color":"","overlay-opacity":"","overlay-gradient":""},"mobile":{"background-color":"","background-image":"","background-repeat":"repeat","background-position":"center center","background-size":"auto","background-attachment":"scroll","background-type":"","background-media":"","overlay-type":"","overlay-color":"","overlay-opacity":"","overlay-gradient":""}},"ast-content-background-meta":{"desktop":{"background-color":"var(--ast-global-color-5)","background-image":"","background-repeat":"repeat","background-position":"center center","background-size":"auto","background-attachment":"scroll","background-type":"","background-media":"","overlay-type":"","overlay-color":"","overlay-opacity":"","overlay-gradient":""},"tablet":{"background-color":"var(--ast-global-color-5)","background-image":"","background-repeat":"repeat","background-position":"center center","background-size":"auto","background-attachment":"scroll","background-type":"","background-media":"","overlay-type":"","overlay-color":"","overlay-opacity":"","overlay-gradient":""},"mobile":{"background-color":"var(--ast-global-color-5)","background-image":"","background-repeat":"repeat","background-position":"center center","background-size":"auto","background-attachment":"scroll","background-type":"","background-media":"","overlay-type":"","overlay-color":"","overlay-opacity":"","overlay-gradient":""}},"footnotes":""},"categories":[],"tags":[],"class_list":["post-24491","page","type-page","status-publish","hentry"],"featured_image_urls_v2":{"full":"","thumbnail":"","medium":"","medium_large":"","large":"","1536x1536":"","2048x2048":"","menu-24x24":"","menu-36x36":"","menu-48x48":""},"post_excerpt_stackable_v2":"<p>Local<\/p>\n","category_list_v2":"Uncategorized","author_info_v2":{"name":"Justyna Krupa","url":"https:\/\/eucmos2025.uwr.edu.pl\/en\/author\/justyna-krupauwr-edu-pl\/"},"comments_num_v2":"0 comments","acf":[],"yoast_head":"<!-- This site is optimized with the Yoast SEO plugin v27.1.1 - https:\/\/yoast.com\/product\/yoast-seo-wordpress\/ -->\n<title>Travel &amp; Visa - EUCMOS 2025 \/ EMPOC 2025<\/title>\n<meta name=\"robots\" content=\"index, follow, max-snippet:-1, max-image-preview:large, max-video-preview:-1\" \/>\n<link rel=\"canonical\" href=\"https:\/\/eucmos2025.uwr.edu.pl\/en\/travel-how-to-get-to-wroclaw\/\" \/>\n<meta property=\"og:locale\" content=\"en_US\" \/>\n<meta property=\"og:type\" content=\"article\" \/>\n<meta property=\"og:title\" content=\"Travel &amp; Visa - EUCMOS 2025 \/ EMPOC 2025\" \/>\n<meta property=\"og:description\" content=\"Local\" \/>\n<meta property=\"og:url\" content=\"https:\/\/eucmos2025.uwr.edu.pl\/en\/travel-how-to-get-to-wroclaw\/\" \/>\n<meta property=\"og:site_name\" content=\"EUCMOS 2025 \/ EMPOC 2025\" \/>\n<meta property=\"article:modified_time\" content=\"2024-11-21T10:29:10+00:00\" \/>\n<meta name=\"twitter:card\" content=\"summary_large_image\" \/>\n<meta name=\"twitter:label1\" content=\"Est. reading time\" \/>\n\t<meta name=\"twitter:data1\" content=\"3 minutes\" \/>\n<script type=\"application\/ld+json\" class=\"yoast-schema-graph\">{\"@context\":\"https:\/\/schema.org\",\"@graph\":[{\"@type\":\"WebPage\",\"@id\":\"https:\/\/eucmos2025.uwr.edu.pl\/en\/travel-how-to-get-to-wroclaw\/\",\"url\":\"https:\/\/eucmos2025.uwr.edu.pl\/en\/travel-how-to-get-to-wroclaw\/\",\"name\":\"Travel &amp; Visa - EUCMOS 2025 \/ EMPOC 2025\",\"isPartOf\":{\"@id\":\"https:\/\/eucmos2025.uwr.edu.pl\/#website\"},\"datePublished\":\"2024-07-10T13:15:46+00:00\",\"dateModified\":\"2024-11-21T10:29:10+00:00\",\"breadcrumb\":{\"@id\":\"https:\/\/eucmos2025.uwr.edu.pl\/en\/travel-how-to-get-to-wroclaw\/#breadcrumb\"},\"inLanguage\":\"en-US\",\"potentialAction\":[{\"@type\":\"ReadAction\",\"target\":[\"https:\/\/eucmos2025.uwr.edu.pl\/en\/travel-how-to-get-to-wroclaw\/\"]}]},{\"@type\":\"BreadcrumbList\",\"@id\":\"https:\/\/eucmos2025.uwr.edu.pl\/en\/travel-how-to-get-to-wroclaw\/#breadcrumb\",\"itemListElement\":[{\"@type\":\"ListItem\",\"position\":1,\"name\":\"Strona g\u0142\u00f3wna\",\"item\":\"https:\/\/eucmos2025.uwr.edu.pl\/en\/\"},{\"@type\":\"ListItem\",\"position\":2,\"name\":\"Travel &amp; Visa\"}]},{\"@type\":\"WebSite\",\"@id\":\"https:\/\/eucmos2025.uwr.edu.pl\/#website\",\"url\":\"https:\/\/eucmos2025.uwr.edu.pl\/\",\"name\":\"XXXVI European Congress on Molecular Spectroscopy\",\"description\":\"EUCMOS 2025 \/ EMPOC 2025\",\"publisher\":{\"@id\":\"https:\/\/eucmos2025.uwr.edu.pl\/#organization\"},\"potentialAction\":[{\"@type\":\"SearchAction\",\"target\":{\"@type\":\"EntryPoint\",\"urlTemplate\":\"https:\/\/eucmos2025.uwr.edu.pl\/?s={search_term_string}\"},\"query-input\":{\"@type\":\"PropertyValueSpecification\",\"valueRequired\":true,\"valueName\":\"search_term_string\"}}],\"inLanguage\":\"en-US\"},{\"@type\":\"Organization\",\"@id\":\"https:\/\/eucmos2025.uwr.edu.pl\/#organization\",\"name\":\"XXXVI European Congress on Molecular Spectroscopy\",\"url\":\"https:\/\/eucmos2025.uwr.edu.pl\/\",\"logo\":{\"@type\":\"ImageObject\",\"inLanguage\":\"en-US\",\"@id\":\"https:\/\/eucmos2025.uwr.edu.pl\/#\/schema\/logo\/image\/\",\"url\":\"https:\/\/eucmos2025.uwr.edu.pl\/wp-content\/uploads\/sites\/450\/2025\/10\/UWr-logotyp-2025.png\",\"contentUrl\":\"https:\/\/eucmos2025.uwr.edu.pl\/wp-content\/uploads\/sites\/450\/2025\/10\/UWr-logotyp-2025.png\",\"width\":764,\"height\":269,\"caption\":\"XXXVI European Congress on Molecular Spectroscopy\"},\"image\":{\"@id\":\"https:\/\/eucmos2025.uwr.edu.pl\/#\/schema\/logo\/image\/\"}}]}<\/script>\n<!-- \/ Yoast SEO plugin. -->","yoast_head_json":{"title":"Travel &amp; Visa - EUCMOS 2025 \/ EMPOC 2025","robots":{"index":"index","follow":"follow","max-snippet":"max-snippet:-1","max-image-preview":"max-image-preview:large","max-video-preview":"max-video-preview:-1"},"canonical":"https:\/\/eucmos2025.uwr.edu.pl\/en\/travel-how-to-get-to-wroclaw\/","og_locale":"en_US","og_type":"article","og_title":"Travel &amp; Visa - EUCMOS 2025 \/ EMPOC 2025","og_description":"Local","og_url":"https:\/\/eucmos2025.uwr.edu.pl\/en\/travel-how-to-get-to-wroclaw\/","og_site_name":"EUCMOS 2025 \/ EMPOC 2025","article_modified_time":"2024-11-21T10:29:10+00:00","twitter_card":"summary_large_image","twitter_misc":{"Est. reading time":"3 minutes"},"schema":{"@context":"https:\/\/schema.org","@graph":[{"@type":"WebPage","@id":"https:\/\/eucmos2025.uwr.edu.pl\/en\/travel-how-to-get-to-wroclaw\/","url":"https:\/\/eucmos2025.uwr.edu.pl\/en\/travel-how-to-get-to-wroclaw\/","name":"Travel &amp; Visa - EUCMOS 2025 \/ EMPOC 2025","isPartOf":{"@id":"https:\/\/eucmos2025.uwr.edu.pl\/#website"},"datePublished":"2024-07-10T13:15:46+00:00","dateModified":"2024-11-21T10:29:10+00:00","breadcrumb":{"@id":"https:\/\/eucmos2025.uwr.edu.pl\/en\/travel-how-to-get-to-wroclaw\/#breadcrumb"},"inLanguage":"en-US","potentialAction":[{"@type":"ReadAction","target":["https:\/\/eucmos2025.uwr.edu.pl\/en\/travel-how-to-get-to-wroclaw\/"]}]},{"@type":"BreadcrumbList","@id":"https:\/\/eucmos2025.uwr.edu.pl\/en\/travel-how-to-get-to-wroclaw\/#breadcrumb","itemListElement":[{"@type":"ListItem","position":1,"name":"Strona g\u0142\u00f3wna","item":"https:\/\/eucmos2025.uwr.edu.pl\/en\/"},{"@type":"ListItem","position":2,"name":"Travel &amp; Visa"}]},{"@type":"WebSite","@id":"https:\/\/eucmos2025.uwr.edu.pl\/#website","url":"https:\/\/eucmos2025.uwr.edu.pl\/","name":"XXXVI European Congress on Molecular Spectroscopy","description":"EUCMOS 2025 \/ EMPOC 2025","publisher":{"@id":"https:\/\/eucmos2025.uwr.edu.pl\/#organization"},"potentialAction":[{"@type":"SearchAction","target":{"@type":"EntryPoint","urlTemplate":"https:\/\/eucmos2025.uwr.edu.pl\/?s={search_term_string}"},"query-input":{"@type":"PropertyValueSpecification","valueRequired":true,"valueName":"search_term_string"}}],"inLanguage":"en-US"},{"@type":"Organization","@id":"https:\/\/eucmos2025.uwr.edu.pl\/#organization","name":"XXXVI European Congress on Molecular Spectroscopy","url":"https:\/\/eucmos2025.uwr.edu.pl\/","logo":{"@type":"ImageObject","inLanguage":"en-US","@id":"https:\/\/eucmos2025.uwr.edu.pl\/#\/schema\/logo\/image\/","url":"https:\/\/eucmos2025.uwr.edu.pl\/wp-content\/uploads\/sites\/450\/2025\/10\/UWr-logotyp-2025.png","contentUrl":"https:\/\/eucmos2025.uwr.edu.pl\/wp-content\/uploads\/sites\/450\/2025\/10\/UWr-logotyp-2025.png","width":764,"height":269,"caption":"XXXVI European Congress on Molecular Spectroscopy"},"image":{"@id":"https:\/\/eucmos2025.uwr.edu.pl\/#\/schema\/logo\/image\/"}}]}},"publishpress_future_action":{"enabled":false,"date":"2026-05-05 03:03:56","action":"change-status","newStatus":"draft","terms":[],"taxonomy":"category","extraData":[]},"publishpress_future_workflow_manual_trigger":{"enabledWorkflows":[]},"_links":{"self":[{"href":"https:\/\/eucmos2025.uwr.edu.pl\/en\/wp-json\/wp\/v2\/pages\/24491\/"}],"collection":[{"href":"https:\/\/eucmos2025.uwr.edu.pl\/en\/wp-json\/wp\/v2\/pages\/"}],"about":[{"href":"https:\/\/eucmos2025.uwr.edu.pl\/en\/wp-json\/wp\/v2\/types\/page\/"}],"author":[{"embeddable":true,"href":"https:\/\/eucmos2025.uwr.edu.pl\/en\/wp-json\/wp\/v2\/users\/792\/"}],"replies":[{"embeddable":true,"href":"https:\/\/eucmos2025.uwr.edu.pl\/en\/wp-json\/wp\/v2\/comments\/?post=24491"}],"version-history":[{"count":10,"href":"https:\/\/eucmos2025.uwr.edu.pl\/en\/wp-json\/wp\/v2\/pages\/24491\/revisions\/"}],"predecessor-version":[{"id":26180,"href":"https:\/\/eucmos2025.uwr.edu.pl\/en\/wp-json\/wp\/v2\/pages\/24491\/revisions\/26180\/"}],"wp:attachment":[{"href":"https:\/\/eucmos2025.uwr.edu.pl\/en\/wp-json\/wp\/v2\/media\/?parent=24491"}],"wp:term":[{"taxonomy":"category","embeddable":true,"href":"https:\/\/eucmos2025.uwr.edu.pl\/en\/wp-json\/wp\/v2\/categories\/?post=24491"},{"taxonomy":"post_tag","embeddable":true,"href":"https:\/\/eucmos2025.uwr.edu.pl\/en\/wp-json\/wp\/v2\/tags\/?post=24491"}],"curies":[{"name":"wp","href":"https:\/\/api.w.org\/{rel}","templated":true}]}}