{"id":24018,"date":"2023-12-10T16:19:46","date_gmt":"2023-12-10T15:19:46","guid":{"rendered":"https:\/\/eucmos2025.uwr.edu.pl\/?page_id=24018"},"modified":"2025-07-30T13:49:22","modified_gmt":"2025-07-30T11:49:22","slug":"local-organizing-committee","status":"publish","type":"page","link":"https:\/\/eucmos2025.uwr.edu.pl\/en\/local-organizing-committee\/","title":{"rendered":"Local Organizing Committee"},"content":{"rendered":"\n<div class=\"wp-block-stackable-columns stk-block-columns stk-block stk-ef41354\" data-block-id=\"ef41354\"><div class=\"stk-row stk-inner-blocks stk-block-content stk-content-align stk-ef41354-column\">\n<div class=\"wp-block-stackable-column stk-block-column stk-column stk-block stk-874f762\" data-v=\"4\" data-block-id=\"874f762\"><style>@media screen and (min-width: 768px){.stk-874f762 {flex:var(--stk-flex-grow, 1) 1 calc(10% - var(--stk-column-gap, 0px) * 2 \/ 3 ) !important;}}<\/style><div class=\"stk-column-wrapper stk-block-column__content stk-container stk-874f762-container stk--no-background stk--no-padding\"><div class=\"stk-block-content stk-inner-blocks stk-874f762-inner-blocks\"><\/div><\/div><\/div>\n\n\n\n<div class=\"wp-block-stackable-column stk-block-column stk-column stk-block stk-8f426f1\" data-v=\"4\" data-block-id=\"8f426f1\"><style>@media screen and (min-width: 768px){.stk-8f426f1 {flex:var(--stk-flex-grow, 1) 1 calc(79.9% - var(--stk-column-gap, 0px) * 2 \/ 3 ) !important;}}<\/style><div class=\"stk-column-wrapper stk-block-column__content stk-container stk-8f426f1-container stk--no-background stk--no-padding\"><div class=\"stk-block-content stk-inner-blocks stk-8f426f1-inner-blocks\">\n<h2 class=\"wp-block-heading\">Local Organizing Committee<\/h2>\n\n\n\n<p><strong>Kazimierz Orzechowski<\/strong> &#8211; Chair <a href=\"https:\/\/eucmos2025.uwr.edu.pl\/kontakt-uwr\/\" target=\"_blank\" rel=\"noreferrer noopener\"><img loading=\"lazy\" decoding=\"async\" width=\"20\" height=\"16\" class=\"wp-image-23598\" style=\"width: 20px;\" src=\"https:\/\/eucmos2025.uwr.edu.pl\/wp-content\/uploads\/sites\/450\/2022\/11\/koperta.png\" alt=\"e-mail\" srcset=\"https:\/\/eucmos2025.uwr.edu.pl\/wp-content\/uploads\/sites\/450\/2022\/11\/koperta.png 281w, https:\/\/eucmos2025.uwr.edu.pl\/wp-content\/uploads\/sites\/450\/2022\/11\/koperta-24x19.png 24w, https:\/\/eucmos2025.uwr.edu.pl\/wp-content\/uploads\/sites\/450\/2022\/11\/koperta-36x29.png 36w, https:\/\/eucmos2025.uwr.edu.pl\/wp-content\/uploads\/sites\/450\/2022\/11\/koperta-48x38.png 48w\" sizes=\"auto, (max-width: 20px) 100vw, 20px\" \/><\/a><\/p>\n\n\n\n<p><strong>Miros\u0142aw Czarnecki<\/strong> &#8211; Vice-chair <br><strong>Maria Wierzejewska<\/strong> &#8211; Vice-chair<\/p>\n\n\n\n<p><strong>Justyna Krupa<\/strong> &#8211; Secretary <a href=\"https:\/\/eucmos2025.uwr.edu.pl\/kontakt-uwr\/\"><img loading=\"lazy\" decoding=\"async\" width=\"20\" height=\"16\" class=\"wp-image-23598\" style=\"width: 20px;\" src=\"https:\/\/eucmos2025.uwr.edu.pl\/wp-content\/uploads\/sites\/450\/2022\/11\/koperta.png\" alt=\"e-mail\" srcset=\"https:\/\/eucmos2025.uwr.edu.pl\/wp-content\/uploads\/sites\/450\/2022\/11\/koperta.png 281w, https:\/\/eucmos2025.uwr.edu.pl\/wp-content\/uploads\/sites\/450\/2022\/11\/koperta-24x19.png 24w, https:\/\/eucmos2025.uwr.edu.pl\/wp-content\/uploads\/sites\/450\/2022\/11\/koperta-36x29.png 36w, https:\/\/eucmos2025.uwr.edu.pl\/wp-content\/uploads\/sites\/450\/2022\/11\/koperta-48x38.png 48w\" sizes=\"auto, (max-width: 20px) 100vw, 20px\" \/><\/a><\/p>\n\n\n\n<p>Dariusz Bie\u0144ko (PWr)<br>Katarzyna Cie\u015blik-Boczula (UWr)<br>Marta Gordel-W\u00f3jcik (UWr)<br>Karol Ku\u0142acz (UWr)<br>Magdalena Malik (PWr)<br>Tomasz Mazur (PWr)<br>Karolina Mucha (UWr)<br>Maciej Ptak (INTiBS PAN)<\/p>\n<\/div><\/div><\/div>\n\n\n\n<div class=\"wp-block-stackable-column stk-block-column stk-column stk-block stk-a02f7ca\" data-v=\"4\" data-block-id=\"a02f7ca\"><style>@media screen and (min-width: 768px){.stk-a02f7ca {flex:var(--stk-flex-grow, 1) 1 calc(10.099999999999994% - var(--stk-column-gap, 0px) * 2 \/ 3 ) !important;}}<\/style><div class=\"stk-column-wrapper stk-block-column__content stk-container stk-a02f7ca-container stk--no-background stk--no-padding\"><div class=\"stk-block-content stk-inner-blocks stk-a02f7ca-inner-blocks\"><\/div><\/div><\/div>\n<\/div><\/div>\n\n\n\n<p><\/p>\n\n\n\n<p><\/p>\n\n\n\n<p><\/p>\n\n\n\n<p><\/p>\n","protected":false},"excerpt":{"rendered":"<p>Local<\/p>\n","protected":false},"author":792,"featured_media":0,"parent":0,"menu_order":0,"comment_status":"closed","ping_status":"closed","template":"","meta":{"_acf_changed":false,"inline_featured_image":false,"site-sidebar-layout":"default","site-content-layout":"","ast-site-content-layout":"default","site-content-style":"default","site-sidebar-style":"default","ast-global-header-display":"","ast-banner-title-visibility":"","ast-main-header-display":"","ast-hfb-above-header-display":"","ast-hfb-below-header-display":"","ast-hfb-mobile-header-display":"","site-post-title":"","ast-breadcrumbs-content":"","ast-featured-img":"","footer-sml-layout":"","ast-disable-related-posts":"","theme-transparent-header-meta":"","adv-header-id-meta":"","stick-header-meta":"","header-above-stick-meta":"","header-main-stick-meta":"","header-below-stick-meta":"","astra-migrate-meta-layouts":"set","ast-page-background-enabled":"default","ast-page-background-meta":{"desktop":{"background-color":"","background-image":"","background-repeat":"repeat","background-position":"center center","background-size":"auto","background-attachment":"scroll","background-type":"","background-media":"","overlay-type":"","overlay-color":"","overlay-opacity":"","overlay-gradient":""},"tablet":{"background-color":"","background-image":"","background-repeat":"repeat","background-position":"center center","background-size":"auto","background-attachment":"scroll","background-type":"","background-media":"","overlay-type":"","overlay-color":"","overlay-opacity":"","overlay-gradient":""},"mobile":{"background-color":"","background-image":"","background-repeat":"repeat","background-position":"center center","background-size":"auto","background-attachment":"scroll","background-type":"","background-media":"","overlay-type":"","overlay-color":"","overlay-opacity":"","overlay-gradient":""}},"ast-content-background-meta":{"desktop":{"background-color":"var(--ast-global-color-5)","background-image":"","background-repeat":"repeat","background-position":"center center","background-size":"auto","background-attachment":"scroll","background-type":"","background-media":"","overlay-type":"","overlay-color":"","overlay-opacity":"","overlay-gradient":""},"tablet":{"background-color":"var(--ast-global-color-5)","background-image":"","background-repeat":"repeat","background-position":"center center","background-size":"auto","background-attachment":"scroll","background-type":"","background-media":"","overlay-type":"","overlay-color":"","overlay-opacity":"","overlay-gradient":""},"mobile":{"background-color":"var(--ast-global-color-5)","background-image":"","background-repeat":"repeat","background-position":"center center","background-size":"auto","background-attachment":"scroll","background-type":"","background-media":"","overlay-type":"","overlay-color":"","overlay-opacity":"","overlay-gradient":""}},"footnotes":""},"categories":[],"tags":[],"class_list":["post-24018","page","type-page","status-publish","hentry"],"featured_image_urls_v2":{"full":"","thumbnail":"","medium":"","medium_large":"","large":"","1536x1536":"","2048x2048":"","menu-24x24":"","menu-36x36":"","menu-48x48":""},"post_excerpt_stackable_v2":"<p>Local<\/p>\n","category_list_v2":"Uncategorized","author_info_v2":{"name":"Justyna Krupa","url":"https:\/\/eucmos2025.uwr.edu.pl\/en\/author\/justyna-krupauwr-edu-pl\/"},"comments_num_v2":"0 comments","acf":[],"yoast_head":"<!-- This site is optimized with the Yoast SEO plugin v27.1.1 - https:\/\/yoast.com\/product\/yoast-seo-wordpress\/ -->\n<title>Local Organizing Committee - EUCMOS 2025 \/ EMPOC 2025<\/title>\n<meta name=\"robots\" content=\"index, follow, max-snippet:-1, max-image-preview:large, max-video-preview:-1\" \/>\n<link rel=\"canonical\" href=\"https:\/\/eucmos2025.uwr.edu.pl\/en\/local-organizing-committee\/\" \/>\n<meta property=\"og:locale\" content=\"en_US\" \/>\n<meta property=\"og:type\" content=\"article\" \/>\n<meta property=\"og:title\" content=\"Local Organizing Committee - EUCMOS 2025 \/ EMPOC 2025\" \/>\n<meta property=\"og:description\" content=\"Local\" \/>\n<meta property=\"og:url\" content=\"https:\/\/eucmos2025.uwr.edu.pl\/en\/local-organizing-committee\/\" \/>\n<meta property=\"og:site_name\" content=\"EUCMOS 2025 \/ EMPOC 2025\" \/>\n<meta property=\"article:modified_time\" content=\"2025-07-30T11:49:22+00:00\" \/>\n<meta property=\"og:image\" content=\"https:\/\/eucmos2025.uwr.edu.pl\/wp-content\/uploads\/sites\/450\/2022\/11\/koperta.png\" \/>\n\t<meta property=\"og:image:width\" content=\"281\" \/>\n\t<meta property=\"og:image:height\" content=\"223\" \/>\n\t<meta property=\"og:image:type\" content=\"image\/png\" \/>\n<meta name=\"twitter:card\" content=\"summary_large_image\" \/>\n<meta name=\"twitter:label1\" content=\"Est. reading time\" \/>\n\t<meta name=\"twitter:data1\" content=\"1 minute\" \/>\n<script type=\"application\/ld+json\" class=\"yoast-schema-graph\">{\"@context\":\"https:\/\/schema.org\",\"@graph\":[{\"@type\":\"WebPage\",\"@id\":\"https:\/\/eucmos2025.uwr.edu.pl\/en\/local-organizing-committee\/\",\"url\":\"https:\/\/eucmos2025.uwr.edu.pl\/en\/local-organizing-committee\/\",\"name\":\"Local Organizing Committee - EUCMOS 2025 \/ EMPOC 2025\",\"isPartOf\":{\"@id\":\"https:\/\/eucmos2025.uwr.edu.pl\/#website\"},\"primaryImageOfPage\":{\"@id\":\"https:\/\/eucmos2025.uwr.edu.pl\/en\/local-organizing-committee\/#primaryimage\"},\"image\":{\"@id\":\"https:\/\/eucmos2025.uwr.edu.pl\/en\/local-organizing-committee\/#primaryimage\"},\"thumbnailUrl\":\"https:\/\/eucmos2025.uwr.edu.pl\/wp-content\/uploads\/sites\/450\/2022\/11\/koperta.png\",\"datePublished\":\"2023-12-10T15:19:46+00:00\",\"dateModified\":\"2025-07-30T11:49:22+00:00\",\"breadcrumb\":{\"@id\":\"https:\/\/eucmos2025.uwr.edu.pl\/en\/local-organizing-committee\/#breadcrumb\"},\"inLanguage\":\"en-US\",\"potentialAction\":[{\"@type\":\"ReadAction\",\"target\":[\"https:\/\/eucmos2025.uwr.edu.pl\/en\/local-organizing-committee\/\"]}]},{\"@type\":\"ImageObject\",\"inLanguage\":\"en-US\",\"@id\":\"https:\/\/eucmos2025.uwr.edu.pl\/en\/local-organizing-committee\/#primaryimage\",\"url\":\"https:\/\/eucmos2025.uwr.edu.pl\/wp-content\/uploads\/sites\/450\/2022\/11\/koperta.png\",\"contentUrl\":\"https:\/\/eucmos2025.uwr.edu.pl\/wp-content\/uploads\/sites\/450\/2022\/11\/koperta.png\"},{\"@type\":\"BreadcrumbList\",\"@id\":\"https:\/\/eucmos2025.uwr.edu.pl\/en\/local-organizing-committee\/#breadcrumb\",\"itemListElement\":[{\"@type\":\"ListItem\",\"position\":1,\"name\":\"Strona g\u0142\u00f3wna\",\"item\":\"https:\/\/eucmos2025.uwr.edu.pl\/en\/\"},{\"@type\":\"ListItem\",\"position\":2,\"name\":\"Local Organizing Committee\"}]},{\"@type\":\"WebSite\",\"@id\":\"https:\/\/eucmos2025.uwr.edu.pl\/#website\",\"url\":\"https:\/\/eucmos2025.uwr.edu.pl\/\",\"name\":\"XXXVI European Congress on Molecular Spectroscopy\",\"description\":\"EUCMOS 2025 \/ EMPOC 2025\",\"publisher\":{\"@id\":\"https:\/\/eucmos2025.uwr.edu.pl\/#organization\"},\"potentialAction\":[{\"@type\":\"SearchAction\",\"target\":{\"@type\":\"EntryPoint\",\"urlTemplate\":\"https:\/\/eucmos2025.uwr.edu.pl\/?s={search_term_string}\"},\"query-input\":{\"@type\":\"PropertyValueSpecification\",\"valueRequired\":true,\"valueName\":\"search_term_string\"}}],\"inLanguage\":\"en-US\"},{\"@type\":\"Organization\",\"@id\":\"https:\/\/eucmos2025.uwr.edu.pl\/#organization\",\"name\":\"XXXVI European Congress on Molecular Spectroscopy\",\"url\":\"https:\/\/eucmos2025.uwr.edu.pl\/\",\"logo\":{\"@type\":\"ImageObject\",\"inLanguage\":\"en-US\",\"@id\":\"https:\/\/eucmos2025.uwr.edu.pl\/#\/schema\/logo\/image\/\",\"url\":\"https:\/\/eucmos2025.uwr.edu.pl\/wp-content\/uploads\/sites\/450\/2025\/10\/UWr-logotyp-2025.png\",\"contentUrl\":\"https:\/\/eucmos2025.uwr.edu.pl\/wp-content\/uploads\/sites\/450\/2025\/10\/UWr-logotyp-2025.png\",\"width\":764,\"height\":269,\"caption\":\"XXXVI European Congress on Molecular Spectroscopy\"},\"image\":{\"@id\":\"https:\/\/eucmos2025.uwr.edu.pl\/#\/schema\/logo\/image\/\"}}]}<\/script>\n<!-- \/ Yoast SEO plugin. -->","yoast_head_json":{"title":"Local Organizing Committee - EUCMOS 2025 \/ EMPOC 2025","robots":{"index":"index","follow":"follow","max-snippet":"max-snippet:-1","max-image-preview":"max-image-preview:large","max-video-preview":"max-video-preview:-1"},"canonical":"https:\/\/eucmos2025.uwr.edu.pl\/en\/local-organizing-committee\/","og_locale":"en_US","og_type":"article","og_title":"Local Organizing Committee - EUCMOS 2025 \/ EMPOC 2025","og_description":"Local","og_url":"https:\/\/eucmos2025.uwr.edu.pl\/en\/local-organizing-committee\/","og_site_name":"EUCMOS 2025 \/ EMPOC 2025","article_modified_time":"2025-07-30T11:49:22+00:00","og_image":[{"width":281,"height":223,"url":"https:\/\/eucmos2025.uwr.edu.pl\/wp-content\/uploads\/sites\/450\/2022\/11\/koperta.png","type":"image\/png"}],"twitter_card":"summary_large_image","twitter_misc":{"Est. reading time":"1 minute"},"schema":{"@context":"https:\/\/schema.org","@graph":[{"@type":"WebPage","@id":"https:\/\/eucmos2025.uwr.edu.pl\/en\/local-organizing-committee\/","url":"https:\/\/eucmos2025.uwr.edu.pl\/en\/local-organizing-committee\/","name":"Local Organizing Committee - EUCMOS 2025 \/ EMPOC 2025","isPartOf":{"@id":"https:\/\/eucmos2025.uwr.edu.pl\/#website"},"primaryImageOfPage":{"@id":"https:\/\/eucmos2025.uwr.edu.pl\/en\/local-organizing-committee\/#primaryimage"},"image":{"@id":"https:\/\/eucmos2025.uwr.edu.pl\/en\/local-organizing-committee\/#primaryimage"},"thumbnailUrl":"https:\/\/eucmos2025.uwr.edu.pl\/wp-content\/uploads\/sites\/450\/2022\/11\/koperta.png","datePublished":"2023-12-10T15:19:46+00:00","dateModified":"2025-07-30T11:49:22+00:00","breadcrumb":{"@id":"https:\/\/eucmos2025.uwr.edu.pl\/en\/local-organizing-committee\/#breadcrumb"},"inLanguage":"en-US","potentialAction":[{"@type":"ReadAction","target":["https:\/\/eucmos2025.uwr.edu.pl\/en\/local-organizing-committee\/"]}]},{"@type":"ImageObject","inLanguage":"en-US","@id":"https:\/\/eucmos2025.uwr.edu.pl\/en\/local-organizing-committee\/#primaryimage","url":"https:\/\/eucmos2025.uwr.edu.pl\/wp-content\/uploads\/sites\/450\/2022\/11\/koperta.png","contentUrl":"https:\/\/eucmos2025.uwr.edu.pl\/wp-content\/uploads\/sites\/450\/2022\/11\/koperta.png"},{"@type":"BreadcrumbList","@id":"https:\/\/eucmos2025.uwr.edu.pl\/en\/local-organizing-committee\/#breadcrumb","itemListElement":[{"@type":"ListItem","position":1,"name":"Strona g\u0142\u00f3wna","item":"https:\/\/eucmos2025.uwr.edu.pl\/en\/"},{"@type":"ListItem","position":2,"name":"Local Organizing Committee"}]},{"@type":"WebSite","@id":"https:\/\/eucmos2025.uwr.edu.pl\/#website","url":"https:\/\/eucmos2025.uwr.edu.pl\/","name":"XXXVI European Congress on Molecular Spectroscopy","description":"EUCMOS 2025 \/ EMPOC 2025","publisher":{"@id":"https:\/\/eucmos2025.uwr.edu.pl\/#organization"},"potentialAction":[{"@type":"SearchAction","target":{"@type":"EntryPoint","urlTemplate":"https:\/\/eucmos2025.uwr.edu.pl\/?s={search_term_string}"},"query-input":{"@type":"PropertyValueSpecification","valueRequired":true,"valueName":"search_term_string"}}],"inLanguage":"en-US"},{"@type":"Organization","@id":"https:\/\/eucmos2025.uwr.edu.pl\/#organization","name":"XXXVI European Congress on Molecular Spectroscopy","url":"https:\/\/eucmos2025.uwr.edu.pl\/","logo":{"@type":"ImageObject","inLanguage":"en-US","@id":"https:\/\/eucmos2025.uwr.edu.pl\/#\/schema\/logo\/image\/","url":"https:\/\/eucmos2025.uwr.edu.pl\/wp-content\/uploads\/sites\/450\/2025\/10\/UWr-logotyp-2025.png","contentUrl":"https:\/\/eucmos2025.uwr.edu.pl\/wp-content\/uploads\/sites\/450\/2025\/10\/UWr-logotyp-2025.png","width":764,"height":269,"caption":"XXXVI European Congress on Molecular Spectroscopy"},"image":{"@id":"https:\/\/eucmos2025.uwr.edu.pl\/#\/schema\/logo\/image\/"}}]}},"publishpress_future_action":{"enabled":false,"date":"2026-05-21 00:09:06","action":"change-status","newStatus":"draft","terms":[],"taxonomy":"category","extraData":[]},"publishpress_future_workflow_manual_trigger":{"enabledWorkflows":[]},"_links":{"self":[{"href":"https:\/\/eucmos2025.uwr.edu.pl\/en\/wp-json\/wp\/v2\/pages\/24018\/"}],"collection":[{"href":"https:\/\/eucmos2025.uwr.edu.pl\/en\/wp-json\/wp\/v2\/pages\/"}],"about":[{"href":"https:\/\/eucmos2025.uwr.edu.pl\/en\/wp-json\/wp\/v2\/types\/page\/"}],"author":[{"embeddable":true,"href":"https:\/\/eucmos2025.uwr.edu.pl\/en\/wp-json\/wp\/v2\/users\/792\/"}],"replies":[{"embeddable":true,"href":"https:\/\/eucmos2025.uwr.edu.pl\/en\/wp-json\/wp\/v2\/comments\/?post=24018"}],"version-history":[{"count":11,"href":"https:\/\/eucmos2025.uwr.edu.pl\/en\/wp-json\/wp\/v2\/pages\/24018\/revisions\/"}],"predecessor-version":[{"id":28489,"href":"https:\/\/eucmos2025.uwr.edu.pl\/en\/wp-json\/wp\/v2\/pages\/24018\/revisions\/28489\/"}],"wp:attachment":[{"href":"https:\/\/eucmos2025.uwr.edu.pl\/en\/wp-json\/wp\/v2\/media\/?parent=24018"}],"wp:term":[{"taxonomy":"category","embeddable":true,"href":"https:\/\/eucmos2025.uwr.edu.pl\/en\/wp-json\/wp\/v2\/categories\/?post=24018"},{"taxonomy":"post_tag","embeddable":true,"href":"https:\/\/eucmos2025.uwr.edu.pl\/en\/wp-json\/wp\/v2\/tags\/?post=24018"}],"curies":[{"name":"wp","href":"https:\/\/api.w.org\/{rel}","templated":true}]}}